{"id":116,"date":"2017-10-22T18:11:37","date_gmt":"2017-10-22T15:11:37","guid":{"rendered":"http:\/\/www.mehmetseyisoglu.name.tr\/?page_id=116"},"modified":"2025-04-06T01:16:23","modified_gmt":"2025-04-05T22:16:23","slug":"nesne-tabanli-programlama-1","status":"publish","type":"page","link":"https:\/\/www.mehmetseyisoglu.name.tr\/index.php\/nesne-tabanli-programlama-1\/","title":{"rendered":"Nesne Tabanl\u0131 Programlama 1"},"content":{"rendered":"<h1>Nesne Tabanl\u0131 Programlama 1<\/h1>\n<p>&nbsp;<\/p>\n<table style=\"border-style: none;\">\n<tbody>\n<tr>\n<td style=\"vertical-align: top;\">Bu ders Bilgisayar Programc\u0131l\u0131\u011f\u0131 1. S\u0131n\u0131f Bahar (\u0130kinci) D\u00f6nemine aittir.<\/p>\n<p>Bu derste Nesne Tabanl\u0131 Programlama kavramlar\u0131 Java dili kullan\u0131larak anlat\u0131lacakt\u0131r. Java dilinin temelleri, de\u011fi\u015fkenler, operat\u00f6rler, \u015fart yap\u0131lar\u0131, d\u00f6ng\u00fcler, kullan\u0131c\u0131dan veri alma, metodlar, diziler, s\u0131n\u0131f ve nesne olu\u015fturma, kaps\u00fclleme, miras alma, \u00e7ok bi\u00e7imlilik anlat\u0131lacak konulardan baz\u0131lar\u0131d\u0131r.<\/p>\n<p>Bu derste \u00f6dev \u00e7al\u0131\u015fmas\u0131 yoktur sadece s\u0131nav yap\u0131lacakt\u0131r.<\/p>\n<p>\u0130\u015finize yarayacak program ve site adreslerine ula\u015fmak i\u00e7in<a href=\"http:\/\/www.mehmetseyisoglu.name.tr\/index.php\/baglantilar\/\"> t\u0131klay\u0131n\u0131z.<\/a><\/p>\n<p><a href=\"https:\/\/www.mehmetseyisoglu.name.tr\/download\/nesne1_1.rar\">Ders notlar\u0131 1<\/a><\/p>\n<p><a href=\"https:\/\/www.mehmetseyisoglu.name.tr\/download\/nesne1_2.rar\">Ders notlar\u0131 2<\/a><\/p>\n<p>Bu notlar derste anlat\u0131lan konular\u0131 i\u00e7ermektedir tek ba\u015f\u0131na ders notu olarak de\u011ferlendirilmemelidir. Ayr\u0131ca notlar i\u00e7erisinde g\u00f6zden ka\u00e7an ufak hatalar olabilir, bunlar\u0131 g\u00f6z \u00f6n\u00fcnde bulundurunuz. Notlar\u0131 i\u00e7eren ar\u015fiv dosyalar\u0131n\u0131n \u015fifreleri derste payla\u015f\u0131lacakt\u0131r.<\/p>\n<p>&nbsp;<\/td>\n<td><img decoding=\"async\" loading=\"lazy\" class=\"alignnone wp-image-153\" src=\"http:\/\/www.mehmetseyisoglu.name.tr\/wp-content\/uploads\/2017\/10\/java.png\" alt=\"\" width=\"203\" height=\"203\" srcset=\"https:\/\/www.mehmetseyisoglu.name.tr\/wp-content\/uploads\/2017\/10\/java.png 259w, https:\/\/www.mehmetseyisoglu.name.tr\/wp-content\/uploads\/2017\/10\/java-150x150.png 150w\" sizes=\"(max-width: 203px) 100vw, 203px\" \/><img decoding=\"async\" loading=\"lazy\" class=\"alignnone wp-image-152\" src=\"http:\/\/www.mehmetseyisoglu.name.tr\/wp-content\/uploads\/2017\/10\/eclipse_logo-300x211.png\" alt=\"\" width=\"204\" height=\"143\" srcset=\"https:\/\/www.mehmetseyisoglu.name.tr\/wp-content\/uploads\/2017\/10\/eclipse_logo-300x211.png 300w, https:\/\/www.mehmetseyisoglu.name.tr\/wp-content\/uploads\/2017\/10\/eclipse_logo-768x540.png 768w, https:\/\/www.mehmetseyisoglu.name.tr\/wp-content\/uploads\/2017\/10\/eclipse_logo.png 800w\" sizes=\"(max-width: 204px) 100vw, 204px\" \/><\/p>\n<p>&nbsp;<\/p>\n<p>&nbsp;<\/td>\n<\/tr>\n<\/tbody>\n<\/table>\n<p>&nbsp;<\/p>\n<p>&nbsp;<\/p>\n<p>&nbsp;<\/p>\n","protected":false},"excerpt":{"rendered":"<p>Nesne Tabanl\u0131 Programlama 1 &nbsp; Bu ders Bilgisayar Programc\u0131l\u0131\u011f\u0131 1. S\u0131n\u0131f Bahar (\u0130kinci) D\u00f6nemine aittir. Bu derste Nesne Tabanl\u0131 Programlama kavramlar\u0131 Java dili kullan\u0131larak anlat\u0131lacakt\u0131r. Java dilinin temelleri, de\u011fi\u015fkenler, operat\u00f6rler, \u015fart yap\u0131lar\u0131, d\u00f6ng\u00fcler, kullan\u0131c\u0131dan veri alma, metodlar, diziler, s\u0131n\u0131f ve nesne olu\u015fturma, kaps\u00fclleme, miras alma, \u00e7ok bi\u00e7imlilik anlat\u0131lacak konulardan baz\u0131lar\u0131d\u0131r. Bu derste \u00f6dev \u00e7al\u0131\u015fmas\u0131 yoktur &hellip;<\/p>\n","protected":false},"author":1,"featured_media":0,"parent":0,"menu_order":0,"comment_status":"closed","ping_status":"closed","template":"","meta":[],"_links":{"self":[{"href":"https:\/\/www.mehmetseyisoglu.name.tr\/index.php\/wp-json\/wp\/v2\/pages\/116"}],"collection":[{"href":"https:\/\/www.mehmetseyisoglu.name.tr\/index.php\/wp-json\/wp\/v2\/pages"}],"about":[{"href":"https:\/\/www.mehmetseyisoglu.name.tr\/index.php\/wp-json\/wp\/v2\/types\/page"}],"author":[{"embeddable":true,"href":"https:\/\/www.mehmetseyisoglu.name.tr\/index.php\/wp-json\/wp\/v2\/users\/1"}],"replies":[{"embeddable":true,"href":"https:\/\/www.mehmetseyisoglu.name.tr\/index.php\/wp-json\/wp\/v2\/comments?post=116"}],"version-history":[{"count":8,"href":"https:\/\/www.mehmetseyisoglu.name.tr\/index.php\/wp-json\/wp\/v2\/pages\/116\/revisions"}],"predecessor-version":[{"id":430,"href":"https:\/\/www.mehmetseyisoglu.name.tr\/index.php\/wp-json\/wp\/v2\/pages\/116\/revisions\/430"}],"wp:attachment":[{"href":"https:\/\/www.mehmetseyisoglu.name.tr\/index.php\/wp-json\/wp\/v2\/media?parent=116"}],"curies":[{"name":"wp","href":"https:\/\/api.w.org\/{rel}","templated":true}]}}