{"id":17,"date":"2017-03-05T23:10:09","date_gmt":"2017-03-05T20:10:09","guid":{"rendered":"http:\/\/www.mehmetseyisoglu.name.tr\/?page_id=17"},"modified":"2025-04-06T01:26:38","modified_gmt":"2025-04-05T22:26:38","slug":"ana-sayfa","status":"publish","type":"page","link":"https:\/\/www.mehmetseyisoglu.name.tr\/","title":{"rendered":"Ana Sayfa"},"content":{"rendered":"<h1><img decoding=\"async\" loading=\"lazy\" class=\"alignleft wp-image-4 size-full\" src=\"http:\/\/www.mehmetseyisoglu.name.tr\/wp-content\/uploads\/2017\/03\/mehmet_seyisoglu.jpg\" width=\"120\" height=\"155\" \/>Sorumlusu Oldu\u011fum Derslerle \u0130lgili Duyurular\u0131 Bu Sitede Yapaca\u011f\u0131m<\/h1>\n<p>&nbsp;<\/p>\n<p>&nbsp;<\/p>\n<p>Not: Bu sitenin tasar\u0131m\u0131 Masa\u00fcst\u00fc ortam\u0131na uygun yap\u0131lm\u0131\u015ft\u0131r. Mobil cihazlara uygun bir tasar\u0131m yap\u0131lmam\u0131\u015ft\u0131r. Bu y\u00fczden baz\u0131 sayfalar mobil cihazlarda d\u00fczg\u00fcn g\u00f6r\u00fcnt\u00fclenmeyebilir.<\/p>\n<p>&nbsp;<\/p>\n<p>&nbsp;<\/p>\n<p>&nbsp;<\/p>\n<p>&nbsp;<\/p>\n<p>&nbsp;<\/p>\n<p>&nbsp;<\/p>\n","protected":false},"excerpt":{"rendered":"<p>Sorumlusu Oldu\u011fum Derslerle \u0130lgili Duyurular\u0131 Bu Sitede Yapaca\u011f\u0131m &nbsp; &nbsp; Not: Bu sitenin tasar\u0131m\u0131 Masa\u00fcst\u00fc ortam\u0131na uygun yap\u0131lm\u0131\u015ft\u0131r. Mobil cihazlara uygun bir tasar\u0131m yap\u0131lmam\u0131\u015ft\u0131r. Bu y\u00fczden baz\u0131 sayfalar mobil cihazlarda d\u00fczg\u00fcn g\u00f6r\u00fcnt\u00fclenmeyebilir. &nbsp; &nbsp; &nbsp; &nbsp; &nbsp; &nbsp;<\/p>\n","protected":false},"author":1,"featured_media":0,"parent":0,"menu_order":0,"comment_status":"closed","ping_status":"closed","template":"","meta":[],"_links":{"self":[{"href":"https:\/\/www.mehmetseyisoglu.name.tr\/index.php\/wp-json\/wp\/v2\/pages\/17"}],"collection":[{"href":"https:\/\/www.mehmetseyisoglu.name.tr\/index.php\/wp-json\/wp\/v2\/pages"}],"about":[{"href":"https:\/\/www.mehmetseyisoglu.name.tr\/index.php\/wp-json\/wp\/v2\/types\/page"}],"author":[{"embeddable":true,"href":"https:\/\/www.mehmetseyisoglu.name.tr\/index.php\/wp-json\/wp\/v2\/users\/1"}],"replies":[{"embeddable":true,"href":"https:\/\/www.mehmetseyisoglu.name.tr\/index.php\/wp-json\/wp\/v2\/comments?post=17"}],"version-history":[{"count":6,"href":"https:\/\/www.mehmetseyisoglu.name.tr\/index.php\/wp-json\/wp\/v2\/pages\/17\/revisions"}],"predecessor-version":[{"id":439,"href":"https:\/\/www.mehmetseyisoglu.name.tr\/index.php\/wp-json\/wp\/v2\/pages\/17\/revisions\/439"}],"wp:attachment":[{"href":"https:\/\/www.mehmetseyisoglu.name.tr\/index.php\/wp-json\/wp\/v2\/media?parent=17"}],"curies":[{"name":"wp","href":"https:\/\/api.w.org\/{rel}","templated":true}]}}