{"id":179,"date":"2018-02-10T22:15:04","date_gmt":"2018-02-10T19:15:04","guid":{"rendered":"http:\/\/www.mehmetseyisoglu.name.tr\/?page_id=179"},"modified":"2025-04-06T01:16:15","modified_gmt":"2025-04-05T22:16:15","slug":"nesne-tabanli-programlama-2","status":"publish","type":"page","link":"https:\/\/www.mehmetseyisoglu.name.tr\/index.php\/nesne-tabanli-programlama-2\/","title":{"rendered":"Nesne Tabanl\u0131 Programlama 2"},"content":{"rendered":"<h1>Nesne Tabanl\u0131 Programlama 2<\/h1>\n<p>&nbsp;<\/p>\n<table style=\"border-style: none;\">\n<tbody style=\"border-style: none;\">\n<tr style=\"border-style: none;\">\n<td style=\"vertical-align: top; border-style: none;\">Bu ders Bilgisayar Programc\u0131l\u0131\u011f\u0131 2. S\u0131n\u0131f G\u00fcz ve Bahar (Birinci ve \u0130kinci) D\u00f6nemlerine aittir. Okulumuzda 3+1 (3 d\u00f6nem ders 1 d\u00f6nem staj) sistemi uyguland\u0131\u011f\u0131ndan 2. s\u0131n\u0131flar\u0131n dersleri hem g\u00fcz hem de bahar d\u00f6nemlerinde verilmektedir.<\/p>\n<p>Bu derste Nesne Tabanl\u0131 Programlama kavramlar\u0131 Java dili kullan\u0131larak anlat\u0131lacakt\u0131r. Java dilinde \u00a0giri\u015f \u00e7\u0131k\u0131\u015f i\u015flemleri, java kolleksiyonlar\u0131, grafik aray\u00fcz, olay y\u00f6netimi ve veritaban\u0131 i\u015flemleri\u00a0 anlat\u0131lacak konulardan baz\u0131lar\u0131d\u0131r.<\/p>\n<p>Bu derste \u00f6dev \u00e7al\u0131\u015fmas\u0131 yoktur sadece s\u0131nav yap\u0131lacakt\u0131r.<\/p>\n<p>\u0130\u015finize yarayacak program ve site adreslerine ula\u015fmak i\u00e7in<a href=\"http:\/\/www.mehmetseyisoglu.name.tr\/index.php\/baglantilar\/\"> t\u0131klay\u0131n\u0131z.<\/a><\/p>\n<p><a href=\"https:\/\/www.mehmetseyisoglu.name.tr\/download\/nesne2_1.rar\" rel=\"noopener\">Ders notlar\u0131 1<\/a><\/p>\n<p><a href=\"https:\/\/www.mehmetseyisoglu.name.tr\/download\/nesne2_2.rar\">Ders notlar\u0131 2<\/a><\/p>\n<p>Bu notlar derste anlat\u0131lan konular\u0131 i\u00e7ermektedir tek ba\u015f\u0131na ders notu olarak de\u011ferlendirilmemelidir. Ayr\u0131ca notlar i\u00e7erisinde g\u00f6zden ka\u00e7an ufak hatalar olabilir, bunlar\u0131 g\u00f6z \u00f6n\u00fcnde bulundurunuz. Notlar\u0131 i\u00e7eren ar\u015fiv dosyalar\u0131n\u0131n \u015fifreleri derste payla\u015f\u0131lacakt\u0131r.<\/td>\n<td style=\"border-style: none;\"><img decoding=\"async\" loading=\"lazy\" class=\"alignnone wp-image-153\" src=\"http:\/\/www.mehmetseyisoglu.name.tr\/wp-content\/uploads\/2017\/10\/java.png\" alt=\"\" width=\"203\" height=\"203\" srcset=\"https:\/\/www.mehmetseyisoglu.name.tr\/wp-content\/uploads\/2017\/10\/java.png 259w, https:\/\/www.mehmetseyisoglu.name.tr\/wp-content\/uploads\/2017\/10\/java-150x150.png 150w\" sizes=\"(max-width: 203px) 100vw, 203px\" \/><img decoding=\"async\" loading=\"lazy\" class=\"alignnone wp-image-152\" src=\"http:\/\/www.mehmetseyisoglu.name.tr\/wp-content\/uploads\/2017\/10\/eclipse_logo-300x211.png\" alt=\"\" width=\"204\" height=\"143\" srcset=\"https:\/\/www.mehmetseyisoglu.name.tr\/wp-content\/uploads\/2017\/10\/eclipse_logo-300x211.png 300w, https:\/\/www.mehmetseyisoglu.name.tr\/wp-content\/uploads\/2017\/10\/eclipse_logo-768x540.png 768w, https:\/\/www.mehmetseyisoglu.name.tr\/wp-content\/uploads\/2017\/10\/eclipse_logo.png 800w\" sizes=\"(max-width: 204px) 100vw, 204px\" \/><\/p>\n<p>&nbsp;<\/p>\n<p>&nbsp;<\/td>\n<\/tr>\n<\/tbody>\n<\/table>\n<p>&nbsp;<\/p>\n<p>&nbsp;<\/p>\n<p>&nbsp;<\/p>\n","protected":false},"excerpt":{"rendered":"<p>Nesne Tabanl\u0131 Programlama 2 &nbsp; Bu ders Bilgisayar Programc\u0131l\u0131\u011f\u0131 2. S\u0131n\u0131f G\u00fcz ve Bahar (Birinci ve \u0130kinci) D\u00f6nemlerine aittir. Okulumuzda 3+1 (3 d\u00f6nem ders 1 d\u00f6nem staj) sistemi uyguland\u0131\u011f\u0131ndan 2. s\u0131n\u0131flar\u0131n dersleri hem g\u00fcz hem de bahar d\u00f6nemlerinde verilmektedir. Bu derste Nesne Tabanl\u0131 Programlama kavramlar\u0131 Java dili kullan\u0131larak anlat\u0131lacakt\u0131r. Java dilinde \u00a0giri\u015f \u00e7\u0131k\u0131\u015f i\u015flemleri, java &hellip;<\/p>\n","protected":false},"author":1,"featured_media":0,"parent":0,"menu_order":0,"comment_status":"closed","ping_status":"closed","template":"","meta":[],"_links":{"self":[{"href":"https:\/\/www.mehmetseyisoglu.name.tr\/index.php\/wp-json\/wp\/v2\/pages\/179"}],"collection":[{"href":"https:\/\/www.mehmetseyisoglu.name.tr\/index.php\/wp-json\/wp\/v2\/pages"}],"about":[{"href":"https:\/\/www.mehmetseyisoglu.name.tr\/index.php\/wp-json\/wp\/v2\/types\/page"}],"author":[{"embeddable":true,"href":"https:\/\/www.mehmetseyisoglu.name.tr\/index.php\/wp-json\/wp\/v2\/users\/1"}],"replies":[{"embeddable":true,"href":"https:\/\/www.mehmetseyisoglu.name.tr\/index.php\/wp-json\/wp\/v2\/comments?post=179"}],"version-history":[{"count":17,"href":"https:\/\/www.mehmetseyisoglu.name.tr\/index.php\/wp-json\/wp\/v2\/pages\/179\/revisions"}],"predecessor-version":[{"id":431,"href":"https:\/\/www.mehmetseyisoglu.name.tr\/index.php\/wp-json\/wp\/v2\/pages\/179\/revisions\/431"}],"wp:attachment":[{"href":"https:\/\/www.mehmetseyisoglu.name.tr\/index.php\/wp-json\/wp\/v2\/media?parent=179"}],"curies":[{"name":"wp","href":"https:\/\/api.w.org\/{rel}","templated":true}]}}