{"id":23,"date":"2017-03-05T23:11:24","date_gmt":"2017-03-05T20:11:24","guid":{"rendered":"http:\/\/www.mehmetseyisoglu.name.tr\/?page_id=23"},"modified":"2025-10-07T22:09:21","modified_gmt":"2025-10-07T19:09:21","slug":"internet-programciligi-2","status":"publish","type":"page","link":"https:\/\/www.mehmetseyisoglu.name.tr\/index.php\/internet-programciligi-2\/","title":{"rendered":"Internet Programc\u0131l\u0131\u011f\u0131 2"},"content":{"rendered":"<h1>Internet Programc\u0131l\u0131\u011f\u0131 2<\/h1>\n<p>&nbsp;<\/p>\n<table style=\"border-style: none; width: 1144px; height: 762px;\">\n<tbody style=\"border-style: none;\">\n<tr style=\"border-style: none;\">\n<td style=\"border-style: none; width: 440px; vertical-align: top;\">Bu ders Bilgisayar Programc\u0131l\u0131\u011f\u0131 2. S\u0131n\u0131f G\u00fcz ve Bahar (Birinci ve \u0130kinci) D\u00f6nemlerine aittir. Okulumuzda 3+1 (3 d\u00f6nem ders 1 d\u00f6nem staj) sistemi uyguland\u0131\u011f\u0131ndan 2. s\u0131n\u0131flar\u0131n dersleri hem g\u00fcz hem de bahar d\u00f6nemlerinde verilmektedir.<\/p>\n<p>Bu derste \u00e7o\u011funlukla istemci (client) tabanl\u0131 i\u015flemlerde kullan\u0131lan, bir internet programlama dili olan JavaScript dili anlat\u0131lacakt\u0131r. JavaScript ile ilgili baz\u0131 kavramlar ve konular, JavaScript dilinin genel kullan\u0131m\u0131 ve ES6+ sonras\u0131 gelen baz\u0131 yeni \u00f6zellikler, node.js temel kullan\u0131m\u0131 ve react.js temel kullan\u0131m\u0131 bu dersin konular\u0131 aras\u0131ndad\u0131r.<\/p>\n<p>Bu derste \u00f6dev \u00e7al\u0131\u015fmas\u0131 yoktur sadece s\u0131nav yap\u0131lacakt\u0131r.<\/p>\n<p>\u0130\u015finize yarayacak program ve site adreslerine ula\u015fmak i\u00e7in<a href=\"http:\/\/www.mehmetseyisoglu.name.tr\/index.php\/baglantilar\/\"> t\u0131klay\u0131n\u0131z.<\/a><\/p>\n<p>Not: bu dersin i\u00e7eri\u011fi g\u00fcncellendi\u011fi i\u00e7in ders notlar\u0131 \u015fimdilik site \u00fczerinden payla\u015f\u0131lmamaktad\u0131r. En k\u0131sa s\u00fcrede gerekli ba\u011flant\u0131lar eklenecektir.<\/p>\n<p><a href=\"https:\/\/www.mehmetseyisoglu.name.tr\/download\/internet2_1.rar\">Ders notlar\u0131 1<\/a><\/p>\n<p><a href=\"https:\/\/www.mehmetseyisoglu.name.tr\/download\/internet2_2.rar\">Ders notlar\u0131 2<\/a><\/p>\n<p>Bu notlar derste anlat\u0131lan konular\u0131 i\u00e7ermektedir tek ba\u015f\u0131na ders notu olarak de\u011ferlendirilmemelidir. Ayr\u0131ca notlar i\u00e7erisinde g\u00f6zden ka\u00e7an ufak hatalar olabilir, bunlar\u0131 g\u00f6z \u00f6n\u00fcnde bulundurunuz. Notlar\u0131 i\u00e7eren ar\u015fiv dosyalar\u0131n\u0131n \u015fifreleri derste payla\u015f\u0131lacakt\u0131r.<\/td>\n<td style=\"border-style: none; width: 220px;\"><img decoding=\"async\" loading=\"lazy\" class=\"alignnone size-full wp-image-64\" src=\"http:\/\/www.mehmetseyisoglu.name.tr\/wp-content\/uploads\/2017\/03\/javascript.jpg\" alt=\"\" width=\"200\" height=\"161\" \/><\/p>\n<p><img decoding=\"async\" loading=\"lazy\" class=\"alignnone wp-image-433 \" src=\"http:\/\/www.mehmetseyisoglu.name.tr\/wp-content\/uploads\/2025\/04\/es6.png\" alt=\"\" width=\"198\" height=\"139\" \/><\/p>\n<p><img decoding=\"async\" loading=\"lazy\" class=\"alignnone wp-image-434 \" src=\"http:\/\/www.mehmetseyisoglu.name.tr\/wp-content\/uploads\/2025\/04\/node-300x184.png\" alt=\"\" width=\"197\" height=\"121\" srcset=\"https:\/\/www.mehmetseyisoglu.name.tr\/wp-content\/uploads\/2025\/04\/node-300x184.png 300w, https:\/\/www.mehmetseyisoglu.name.tr\/wp-content\/uploads\/2025\/04\/node-1024x626.png 1024w, https:\/\/www.mehmetseyisoglu.name.tr\/wp-content\/uploads\/2025\/04\/node-768x470.png 768w, https:\/\/www.mehmetseyisoglu.name.tr\/wp-content\/uploads\/2025\/04\/node.png 1200w\" sizes=\"(max-width: 197px) 100vw, 197px\" \/><\/p>\n<p><img decoding=\"async\" loading=\"lazy\" class=\"alignnone wp-image-435 \" src=\"http:\/\/www.mehmetseyisoglu.name.tr\/wp-content\/uploads\/2025\/04\/react-300x169.png\" alt=\"\" width=\"213\" height=\"120\" srcset=\"https:\/\/www.mehmetseyisoglu.name.tr\/wp-content\/uploads\/2025\/04\/react-300x169.png 300w, https:\/\/www.mehmetseyisoglu.name.tr\/wp-content\/uploads\/2025\/04\/react-1024x576.png 1024w, https:\/\/www.mehmetseyisoglu.name.tr\/wp-content\/uploads\/2025\/04\/react-768x432.png 768w, https:\/\/www.mehmetseyisoglu.name.tr\/wp-content\/uploads\/2025\/04\/react.png 1400w\" sizes=\"(max-width: 213px) 100vw, 213px\" \/><\/td>\n<\/tr>\n<\/tbody>\n<\/table>\n<p>&nbsp;<\/p>\n<p>&nbsp;<\/p>\n<p>&nbsp;<\/p>\n","protected":false},"excerpt":{"rendered":"<p>Internet Programc\u0131l\u0131\u011f\u0131 2 &nbsp; Bu ders Bilgisayar Programc\u0131l\u0131\u011f\u0131 2. S\u0131n\u0131f G\u00fcz ve Bahar (Birinci ve \u0130kinci) D\u00f6nemlerine aittir. Okulumuzda 3+1 (3 d\u00f6nem ders 1 d\u00f6nem staj) sistemi uyguland\u0131\u011f\u0131ndan 2. s\u0131n\u0131flar\u0131n dersleri hem g\u00fcz hem de bahar d\u00f6nemlerinde verilmektedir. Bu derste \u00e7o\u011funlukla istemci (client) tabanl\u0131 i\u015flemlerde kullan\u0131lan, bir internet programlama dili olan JavaScript dili anlat\u0131lacakt\u0131r. JavaScript &hellip;<\/p>\n","protected":false},"author":1,"featured_media":0,"parent":0,"menu_order":0,"comment_status":"closed","ping_status":"closed","template":"","meta":[],"_links":{"self":[{"href":"https:\/\/www.mehmetseyisoglu.name.tr\/index.php\/wp-json\/wp\/v2\/pages\/23"}],"collection":[{"href":"https:\/\/www.mehmetseyisoglu.name.tr\/index.php\/wp-json\/wp\/v2\/pages"}],"about":[{"href":"https:\/\/www.mehmetseyisoglu.name.tr\/index.php\/wp-json\/wp\/v2\/types\/page"}],"author":[{"embeddable":true,"href":"https:\/\/www.mehmetseyisoglu.name.tr\/index.php\/wp-json\/wp\/v2\/users\/1"}],"replies":[{"embeddable":true,"href":"https:\/\/www.mehmetseyisoglu.name.tr\/index.php\/wp-json\/wp\/v2\/comments?post=23"}],"version-history":[{"count":20,"href":"https:\/\/www.mehmetseyisoglu.name.tr\/index.php\/wp-json\/wp\/v2\/pages\/23\/revisions"}],"predecessor-version":[{"id":441,"href":"https:\/\/www.mehmetseyisoglu.name.tr\/index.php\/wp-json\/wp\/v2\/pages\/23\/revisions\/441"}],"wp:attachment":[{"href":"https:\/\/www.mehmetseyisoglu.name.tr\/index.php\/wp-json\/wp\/v2\/media?parent=23"}],"curies":[{"name":"wp","href":"https:\/\/api.w.org\/{rel}","templated":true}]}}