{"id":234,"date":"2019-03-13T18:08:29","date_gmt":"2019-03-13T15:08:29","guid":{"rendered":"http:\/\/www.mehmetseyisoglu.name.tr\/?page_id=234"},"modified":"2025-04-06T01:16:30","modified_gmt":"2025-04-05T22:16:30","slug":"web-tasarimi","status":"publish","type":"page","link":"https:\/\/www.mehmetseyisoglu.name.tr\/index.php\/web-tasarimi\/","title":{"rendered":"Web Tasar\u0131m\u0131"},"content":{"rendered":"<h1>Web Tasar\u0131m\u0131<\/h1>\n<p>&nbsp;<\/p>\n<table style=\"border-style: none;\">\n<tbody style=\"border-style: none;\">\n<tr style=\"border-style: none;\">\n<td style=\"vertical-align: top; border-style: none;\">Bu ders Bilgisayar Programc\u0131l\u0131\u011f\u0131 1. S\u0131n\u0131f G\u00fcz (Birinci) D\u00f6nemine aittir.<\/p>\n<p>Bu derste bir web sayfas\u0131n\u0131 yap\u0131sal ve bi\u00e7imsel olarak olu\u015fturmak i\u00e7in gerekli olan HTML dili ve CSS teknolojisinin temelleri ve web ile ilgili temel kavramlar i\u015flenecektir.\u00a0 HTML ve CSS kodlar\u0131n\u0131 yazmak i\u00e7in notepad++, sublime text gibi bu dillere destek veren herhangi bir kod edit\u00f6r program\u0131 kullanabilirsiniz. Kod edit\u00f6r program\u0131 se\u00e7iminde eklenti deste\u011fi olan, k\u00fc\u00e7\u00fck boyutlu ve \u00fccretsiz programlar\u0131 kullanman\u0131z\u0131 tavsiye ederim.<\/p>\n<p>Bu derste \u00f6dev \u00e7al\u0131\u015fmas\u0131 yoktur sadece s\u0131nav yap\u0131lacakt\u0131r.<\/p>\n<p>\u0130\u015finize yarayacak program ve site adreslerine ula\u015fmak i\u00e7in<a href=\"http:\/\/www.mehmetseyisoglu.name.tr\/index.php\/baglantilar\/\"> t\u0131klay\u0131n\u0131z.<\/a><\/p>\n<p><a href=\"https:\/\/www.mehmetseyisoglu.name.tr\/download\/web1.rar\">Ders notlar\u0131 1<\/a><\/p>\n<p><a href=\"https:\/\/www.mehmetseyisoglu.name.tr\/download\/web2.rar\">Ders notlar\u0131 2<\/a><\/p>\n<p>Bu notlar derste anlat\u0131lan konular\u0131 i\u00e7ermektedir tek ba\u015f\u0131na ders notu olarak de\u011ferlendirilmemelidir. Ayr\u0131ca notlar i\u00e7erisinde g\u00f6zden ka\u00e7an ufak hatalar olabilir, bunlar\u0131 g\u00f6z \u00f6n\u00fcnde bulundurunuz. Notlar\u0131 i\u00e7eren ar\u015fiv dosyalar\u0131n\u0131n \u015fifreleri derste payla\u015f\u0131lacakt\u0131r.<\/p>\n<p>&nbsp;<\/td>\n<td style=\"border-style: none;\"><img decoding=\"async\" loading=\"lazy\" class=\"alignnone wp-image-123\" src=\"http:\/\/www.mehmetseyisoglu.name.tr\/wp-content\/uploads\/2017\/10\/html2.png\" alt=\"\" width=\"300\" height=\"300\" srcset=\"https:\/\/www.mehmetseyisoglu.name.tr\/wp-content\/uploads\/2017\/10\/html2.png 256w, https:\/\/www.mehmetseyisoglu.name.tr\/wp-content\/uploads\/2017\/10\/html2-150x150.png 150w\" sizes=\"(max-width: 300px) 100vw, 300px\" \/><\/p>\n<p><img decoding=\"async\" loading=\"lazy\" class=\"alignnone wp-image-121\" src=\"http:\/\/www.mehmetseyisoglu.name.tr\/wp-content\/uploads\/2017\/10\/css.jpg\" alt=\"\" width=\"300\" height=\"300\" srcset=\"https:\/\/www.mehmetseyisoglu.name.tr\/wp-content\/uploads\/2017\/10\/css.jpg 250w, https:\/\/www.mehmetseyisoglu.name.tr\/wp-content\/uploads\/2017\/10\/css-150x150.jpg 150w\" sizes=\"(max-width: 300px) 100vw, 300px\" \/><\/p>\n<p>&nbsp;<\/td>\n<\/tr>\n<\/tbody>\n<\/table>\n<p>&nbsp;<\/p>\n<p>&nbsp;<\/p>\n<p>&nbsp;<\/p>\n","protected":false},"excerpt":{"rendered":"<p>Web Tasar\u0131m\u0131 &nbsp; Bu ders Bilgisayar Programc\u0131l\u0131\u011f\u0131 1. S\u0131n\u0131f G\u00fcz (Birinci) D\u00f6nemine aittir. Bu derste bir web sayfas\u0131n\u0131 yap\u0131sal ve bi\u00e7imsel olarak olu\u015fturmak i\u00e7in gerekli olan HTML dili ve CSS teknolojisinin temelleri ve web ile ilgili temel kavramlar i\u015flenecektir.\u00a0 HTML ve CSS kodlar\u0131n\u0131 yazmak i\u00e7in notepad++, sublime text gibi bu dillere destek veren herhangi bir &hellip;<\/p>\n","protected":false},"author":1,"featured_media":0,"parent":0,"menu_order":0,"comment_status":"closed","ping_status":"closed","template":"","meta":[],"_links":{"self":[{"href":"https:\/\/www.mehmetseyisoglu.name.tr\/index.php\/wp-json\/wp\/v2\/pages\/234"}],"collection":[{"href":"https:\/\/www.mehmetseyisoglu.name.tr\/index.php\/wp-json\/wp\/v2\/pages"}],"about":[{"href":"https:\/\/www.mehmetseyisoglu.name.tr\/index.php\/wp-json\/wp\/v2\/types\/page"}],"author":[{"embeddable":true,"href":"https:\/\/www.mehmetseyisoglu.name.tr\/index.php\/wp-json\/wp\/v2\/users\/1"}],"replies":[{"embeddable":true,"href":"https:\/\/www.mehmetseyisoglu.name.tr\/index.php\/wp-json\/wp\/v2\/comments?post=234"}],"version-history":[{"count":16,"href":"https:\/\/www.mehmetseyisoglu.name.tr\/index.php\/wp-json\/wp\/v2\/pages\/234\/revisions"}],"predecessor-version":[{"id":428,"href":"https:\/\/www.mehmetseyisoglu.name.tr\/index.php\/wp-json\/wp\/v2\/pages\/234\/revisions\/428"}],"wp:attachment":[{"href":"https:\/\/www.mehmetseyisoglu.name.tr\/index.php\/wp-json\/wp\/v2\/media?parent=234"}],"curies":[{"name":"wp","href":"https:\/\/api.w.org\/{rel}","templated":true}]}}