{"id":308,"date":"2020-05-11T20:39:31","date_gmt":"2020-05-11T17:39:31","guid":{"rendered":"http:\/\/www.mehmetseyisoglu.name.tr\/?page_id=308"},"modified":"2025-10-07T22:15:23","modified_gmt":"2025-10-07T19:15:23","slug":"baglantilar","status":"publish","type":"page","link":"https:\/\/www.mehmetseyisoglu.name.tr\/index.php\/baglantilar\/","title":{"rendered":"Ba\u011flant\u0131lar"},"content":{"rendered":"<p>Derslerde kullanabilece\u011fimiz baz\u0131 \u00fccretsiz programlar\u0131 indirebilece\u011finiz adresler a\u015fa\u011f\u0131da yer almaktad\u0131r bu adreslere ula\u015fmak i\u00e7in a\u015fa\u011f\u0131daki linklere t\u0131klayabilirsiniz:<\/p>\n<p><a href=\"https:\/\/www.apachefriends.org\/tr\/download.html\" target=\"_blank\" rel=\"noopener noreferrer\">Xammp<\/a><\/p>\n<p><a href=\"https:\/\/www.wampserver.com\/en\/\" target=\"_blank\" rel=\"noopener\">WampServer<\/a><\/p>\n<p><a href=\"https:\/\/tr.wordpress.org\/download\/\" target=\"_blank\" rel=\"noopener noreferrer\">WordPress<\/a><\/p>\n<p><a href=\"https:\/\/www.joomla.org\/\" target=\"_blank\" rel=\"noopener\">Joomla<\/a><\/p>\n<p><a href=\"https:\/\/jquery.com\/download\/\" target=\"_blank\" rel=\"noopener noreferrer\">Jquery<\/a><\/p>\n<p><a href=\"https:\/\/jqueryui.com\/\" target=\"_blank\" rel=\"noopener noreferrer\">Jquery ui<\/a><\/p>\n<p><a href=\"https:\/\/nodejs.org\/tr\" target=\"_blank\" rel=\"noopener\">Node.js<\/a><\/p>\n<p><a href=\"https:\/\/react.dev\/\" target=\"_blank\" rel=\"noopener\">React.js<\/a><\/p>\n<p><a href=\"https:\/\/notepad-plus-plus.org\/downloads\/\" target=\"_blank\" rel=\"noopener noreferrer\">Notepad++<\/a><\/p>\n<p><a href=\"https:\/\/www.sublimetext.com\/\" target=\"_blank\" rel=\"noopener\">Sublime Text<\/a><\/p>\n<p><a href=\"https:\/\/code.visualstudio.com\/download\" target=\"_blank\" rel=\"noopener\">Visual Studio Code<\/a><\/p>\n<p><a href=\"https:\/\/emmet.io\/\" target=\"_blank\" rel=\"noopener\">Emmet<\/a><\/p>\n<p><a href=\"https:\/\/www.mozilla.org\/tr\/\" target=\"_blank\" rel=\"noopener\">Firefox<\/a><\/p>\n<p><a href=\"https:\/\/www.google.com\/intl\/tr_tr\/chrome\/\" target=\"_blank\" rel=\"noopener\">Google Chrome<\/a><\/p>\n<p><a href=\"https:\/\/www.oracle.com\/java\/technologies\/javase-jdk8-downloads.html\" target=\"_blank\" rel=\"noopener noreferrer\">Java Jdk<\/a><\/p>\n<p><a href=\"https:\/\/openjfx.io\/\" target=\"_blank\" rel=\"noopener\">JavaFX<\/a><\/p>\n<p><a href=\"https:\/\/www.mysql.com\/products\/connector\/\" target=\"_blank\" rel=\"noopener\">MySQL Connectors<\/a><\/p>\n<p><a href=\"https:\/\/www.eclipse.org\/downloads\/\" target=\"_blank\" rel=\"noopener noreferrer\">Eclipse<\/a><\/p>\n<p><a href=\"https:\/\/netbeans.apache.org\/\" target=\"_blank\" rel=\"noopener\">Netbeans<\/a><\/p>\n<p><a href=\"http:\/\/lightshot.us\/tr\/download.html\" target=\"_blank\" rel=\"noopener noreferrer\">Lightshot<\/a><\/p>\n<p><a href=\"https:\/\/flameshot.org\/\" target=\"_blank\" rel=\"noopener\">Flameshot<\/a><\/p>\n<p><a href=\"https:\/\/obsproject.com\/tr\" target=\"_blank\" rel=\"noopener\">Obs Studio<\/a><\/p>\n<p><a href=\"https:\/\/www.audacityteam.org\/download\/\" target=\"_blank\" rel=\"noopener\">Audacity<\/a><\/p>\n<p><a href=\"https:\/\/www.blender.org\/\" target=\"_blank\" rel=\"noopener\">Blender<\/a><\/p>\n<p><a href=\"https:\/\/www.gimp.org\/\" target=\"_blank\" rel=\"noopener\">Gimp<\/a><\/p>\n<p><a href=\"https:\/\/tr.libreoffice.org\/\" target=\"_blank\" rel=\"noopener noreferrer\">Libreoffice<\/a><\/p>\n<p><a href=\"https:\/\/www.pardus.org.tr\/\" target=\"_blank\" rel=\"noopener noreferrer\">Pardus<\/a><\/p>\n<p><a href=\"https:\/\/ubuntu-tr.net\/\" target=\"_blank\" rel=\"noopener noreferrer\">Ubuntu<\/a><\/p>\n<p><a href=\"https:\/\/www.virtualbox.org\/\" target=\"_blank\" rel=\"noopener\">VirtualBox<\/a><\/p>\n<hr class=\"ttfmake-hr\" style=\"border-style: double; border-top-width: 6px;\" \/>\n<p>Online kod edit\u00f6rler<\/p>\n<p><a href=\"https:\/\/codesandbox.io\/\" target=\"_blank\" rel=\"noopener\">Codesandbox<\/a><\/p>\n<p><a href=\"https:\/\/codepen.io\/\" target=\"_blank\" rel=\"noopener\">CodePen<\/a><\/p>\n<p><a href=\"https:\/\/jsfiddle.net\/\" target=\"_blank\" rel=\"noopener\">JSFiddle<\/a><\/p>\n<p><a href=\"https:\/\/vscode.dev\/\" target=\"_blank\" rel=\"noopener\">Vscode.dev<\/a><\/p>\n<hr class=\"ttfmake-hr\" style=\"border-style: double; border-top-width: 6px;\" \/>\n<p>Giresun \u00dcniversitesi Uzem (Uzaktan E\u011fitim Sistemi) ba\u011flant\u0131lar\u0131<\/p>\n<p><a href=\"https:\/\/uzem.giresun.edu.tr\/\" target=\"_blank\" rel=\"noopener\">Uzem sayfas\u0131<\/a><\/p>\n<p><a href=\"https:\/\/eders.giresun.edu.tr\/login\/index_auth.php\" target=\"_blank\" rel=\"noopener\">Uzem Giri\u015f<\/a><\/p>\n","protected":false},"excerpt":{"rendered":"<p>Derslerde kullanabilece\u011fimiz baz\u0131 \u00fccretsiz programlar\u0131 indirebilece\u011finiz adresler a\u015fa\u011f\u0131da yer almaktad\u0131r bu adreslere ula\u015fmak i\u00e7in a\u015fa\u011f\u0131daki linklere t\u0131klayabilirsiniz: Xammp WampServer WordPress Joomla Jquery Jquery ui Node.js React.js Notepad++ Sublime Text Visual Studio Code Emmet Firefox Google Chrome Java Jdk JavaFX MySQL Connectors Eclipse Netbeans Lightshot Flameshot Obs Studio Audacity Blender Gimp Libreoffice Pardus Ubuntu VirtualBox Online &hellip;<\/p>\n","protected":false},"author":1,"featured_media":0,"parent":0,"menu_order":0,"comment_status":"closed","ping_status":"closed","template":"","meta":[],"_links":{"self":[{"href":"https:\/\/www.mehmetseyisoglu.name.tr\/index.php\/wp-json\/wp\/v2\/pages\/308"}],"collection":[{"href":"https:\/\/www.mehmetseyisoglu.name.tr\/index.php\/wp-json\/wp\/v2\/pages"}],"about":[{"href":"https:\/\/www.mehmetseyisoglu.name.tr\/index.php\/wp-json\/wp\/v2\/types\/page"}],"author":[{"embeddable":true,"href":"https:\/\/www.mehmetseyisoglu.name.tr\/index.php\/wp-json\/wp\/v2\/users\/1"}],"replies":[{"embeddable":true,"href":"https:\/\/www.mehmetseyisoglu.name.tr\/index.php\/wp-json\/wp\/v2\/comments?post=308"}],"version-history":[{"count":17,"href":"https:\/\/www.mehmetseyisoglu.name.tr\/index.php\/wp-json\/wp\/v2\/pages\/308\/revisions"}],"predecessor-version":[{"id":442,"href":"https:\/\/www.mehmetseyisoglu.name.tr\/index.php\/wp-json\/wp\/v2\/pages\/308\/revisions\/442"}],"wp:attachment":[{"href":"https:\/\/www.mehmetseyisoglu.name.tr\/index.php\/wp-json\/wp\/v2\/media?parent=308"}],"curies":[{"name":"wp","href":"https:\/\/api.w.org\/{rel}","templated":true}]}}